{"id":25013,"date":"2019-04-05T09:23:56","date_gmt":"2019-04-05T09:23:56","guid":{"rendered":"https:\/\/www.villa-socrates-gardeno.com\/about_us_let_rooms_in_gardeno\/"},"modified":"2025-01-30T11:51:34","modified_gmt":"2025-01-30T11:51:34","slug":"about_us_let_rooms_in_gardeno","status":"publish","type":"page","link":"https:\/\/www.villa-socrates-gardeno.com\/de\/about_us_let_rooms_in_gardeno\/","title":{"rendered":"\u00dcBER UNS"},"content":{"rendered":"<div class=\"wpb-content-wrapper\"><p>[vc_row][vc_column width=\"1\/2\"][vc_custom_heading text=\"Mieten Sie Zimmer in Gardeno und genie\u00dfen Sie einen komfortablen und ruhigen Aufenthalt an einem sch\u00f6nen, friedlichen Ort.\" font_container=\"tag:h3|text_align:left\" use_theme_fonts=\"yes\" css=\"\"][vc_column_text css=\"\"]An der S\u00fcdk\u00fcste von Korfu, im traditionellen Dorf Vitalades, bieten die Zimmer &amp; Apartments der Villa Socrates einen atemberaubenden Blick auf den sandigen Gardenos Strand, wo die \u00fcppige Vegetation der Insel auf das funkelnde Meer trifft \u2013 ein perfekter Ort f\u00fcr eine friedliche Auszeit.[\/vc_column_text]<div class=\"theme-component-list theme-component-list-style-2 theme-margin-top-40\">\n<ul>\n<li>Qualit\u00e4tservice Garantiert<\/li>\n<li>Exzellente Online-reputation<\/li>\n<li>Online Sonderangebote<\/li>\n<\/ul>\n<\/div>[\/vc_column][vc_column width=\"1\/2\"]<div id=\"ult-carousel-10319646866a00f281d3432\" class=\"ult-carousel-wrapper  About_us_carousel ult_horizontal\" data-gutter=\"0\" data-rtl=\"false\" ><div class=\"ult-carousel-30295565476a00f281d324e \" >[vc_single_image image=\"24435\" img_size=\"full\" css=\"\" el_class=\"theme-image-style-1\"][vc_single_image image=\"24413\" img_size=\"full\" css=\"\" el_class=\"theme-image-style-1\"][vc_single_image image=\"24436\" img_size=\"full\" css=\"\" el_class=\"theme-image-style-1\"][vc_single_image image=\"24434\" img_size=\"full\" css=\"\" el_class=\"theme-image-style-1\"][vc_single_image image=\"24438\" img_size=\"full\" css=\"\" el_class=\"theme-image-style-1\"]<\/div><\/div>\t\t\t<script type=\"text\/javascript\">\n\t\t\t\tjQuery(document).ready(function ($) {\n\t\t\t\t\tif( typeof jQuery('.ult-carousel-30295565476a00f281d324e').slick == \"function\"){\n\t\t\t\t\t\t$('.ult-carousel-30295565476a00f281d324e').slick({dots: true,autoplay: true,autoplaySpeed: \"5000\",speed: \"300\",infinite: true,arrows: false,slidesToScroll:1,slidesToShow:1,swipe: true,draggable: true,touchMove: true,pauseOnHover: true,pauseOnFocus: false,responsive: [\n\t\t\t\t\t\t\t{\n\t\t\t\t\t\t\t  breakpoint: 1026,\n\t\t\t\t\t\t\t  settings: {\n\t\t\t\t\t\t\t\tslidesToShow: 1,\n\t\t\t\t\t\t\t\tslidesToScroll: 1,  \n\t\t\t\t\t\t\t  }\n\t\t\t\t\t\t\t},\n\t\t\t\t\t\t\t{\n\t\t\t\t\t\t\t  breakpoint: 1025,\n\t\t\t\t\t\t\t  settings: {\n\t\t\t\t\t\t\t\tslidesToShow: 1,\n\t\t\t\t\t\t\t\tslidesToScroll: 1\n\t\t\t\t\t\t\t  }\n\t\t\t\t\t\t\t},\n\t\t\t\t\t\t\t{\n\t\t\t\t\t\t\t  breakpoint: 760,\n\t\t\t\t\t\t\t  settings: {\n\t\t\t\t\t\t\t\tslidesToShow: 1,\n\t\t\t\t\t\t\t\tslidesToScroll: 1\n\t\t\t\t\t\t\t  }\n\t\t\t\t\t\t\t}\n\t\t\t\t\t\t],pauseOnDotsHover: true,customPaging: function(slider, i) {\n                   return '<i type=\"button\" style= \"color:#333333;\" class=\"ultsl-record\" data-role=\"none\"><\/i>';\n                },});\n\t\t\t\t\t}\n\t\t\t\t});\n\t\t\t<\/script>\n\t\t\t[\/vc_column][\/vc_row][vc_row el_class=\"theme-margin-top-40\"][vc_column]\n            <div class=\"theme-component-counter-box\" data-animation_duration=\"2000\">\n                [vc_row_inner el_class=\"theme-column-margin-0\"][vc_column_inner width=\"1\/4\"]\n            <div class=\"theme-component-counter-box-item\" data-value=\"8\">\n                <span class=\"theme-component-counter-box-item-circle-1\"><\/span>\n                <span class=\"theme-component-counter-box-item-circle-2\"><\/span>\n                <span class=\"theme-component-counter-box-item-value\">0<\/span>\n                <span class=\"theme-component-counter-box-item-label\">Studios<\/span>\n                <span class=\"theme-component-counter-box-item-tick theme-icon-meta-tick-3\"><\/span>   \n            <\/div>\n        [\/vc_column_inner][vc_column_inner width=\"1\/4\"]\n            <div class=\"theme-component-counter-box-item\" data-value=\"3\">\n                <span class=\"theme-component-counter-box-item-circle-1\"><\/span>\n                <span class=\"theme-component-counter-box-item-circle-2\"><\/span>\n                <span class=\"theme-component-counter-box-item-value\">0<\/span>\n                <span class=\"theme-component-counter-box-item-label\">Apartments<\/span>\n                <span class=\"theme-component-counter-box-item-tick theme-icon-meta-tick-3\"><\/span>   \n            <\/div>\n        [\/vc_column_inner][vc_column_inner width=\"1\/4\"]\n            <div class=\"theme-component-counter-box-item\" data-value=\"1\">\n                <span class=\"theme-component-counter-box-item-circle-1\"><\/span>\n                <span class=\"theme-component-counter-box-item-circle-2\"><\/span>\n                <span class=\"theme-component-counter-box-item-value\">0<\/span>\n                <span class=\"theme-component-counter-box-item-label\">Villa<\/span>\n                <span class=\"theme-component-counter-box-item-tick theme-icon-meta-tick-3\"><\/span>   \n            <\/div>\n        [\/vc_column_inner][vc_column_inner width=\"1\/4\"]\n            <div class=\"theme-component-counter-box-item\" data-value=\"25\">\n                <span class=\"theme-component-counter-box-item-circle-1\"><\/span>\n                <span class=\"theme-component-counter-box-item-circle-2\"><\/span>\n                <span class=\"theme-component-counter-box-item-value\">0<\/span>\n                <span class=\"theme-component-counter-box-item-label\">Jahre<\/span>\n                <span class=\"theme-component-counter-box-item-tick theme-icon-meta-tick-3\"><\/span>   \n            <\/div>\n        [\/vc_column_inner][\/vc_row_inner]\n            <\/div>\n        [\/vc_column][\/vc_row][vc_row full_width=\"stretch_row_content_no_spaces\" equal_height=\"yes\"][vc_column width=\"1\/2\" css=\".vc_custom_1737196665480{background-image: url(https:\/\/www.villa-socrates-gardeno.com\/wp-content\/uploads\/2025\/01\/About_us_photo_2.jpg?id=24422) !important;}\"][\/vc_column][vc_column width=\"1\/2\" el_class=\"theme-column-style-1 theme-background-color-12\"][vc_custom_heading text=\"Mieten Sie Zimmer in Gardeno, nur wenige Schritte vom<br \/>\nsch\u00f6nen Gardenos Strand in Vitalades entfernt, und genie\u00dfen<br \/>\nSie einen ruhigen und komfortablen Aufenthalt.\" font_container=\"tag:h3|text_align:left\" use_theme_fonts=\"yes\" css=\"\"][vc_column_text css=\"\"]Mieten Sie Zimmer in Gardeno und der Villa Socrates, die k\u00fcrzlich renoviert wurden, um unseren G\u00e4sten ein frisches, modernes Erlebnis zu bieten. Sie wurden mit Respekt f\u00fcr die nat\u00fcrliche Umgebung gestaltet und bieten alle notwendigen Einrichtungen sowie moderne Innenr\u00e4ume und sorgf\u00e4ltig dekorierte Zimmer, um sicherzustellen, dass unsere G\u00e4ste einen angenehmen, komfortablen und entspannenden Aufenthalt genie\u00dfen. Die Apartments sind von Blumen und B\u00e4umen umgeben, die eine himmlische Landschaft schaffen, die Sie verzaubern wird.<\/p>\n<p>Alle Zimmer verf\u00fcgen \u00fcber einen privaten Balkon oder eine Veranda mit herrlichem Ausblick, von dem aus Sie den magischen Sonnenuntergang genie\u00dfen k\u00f6nnen. Die hervorragenden Einrichtungen in unseren Studios und Apartments sind darauf ausgelegt, Sie in eine Umgebung zu versetzen, die f\u00fcr Erholung geschaffen wurde.[\/vc_column_text][\/vc_column][\/vc_row][vc_row full_width=\"stretch_row_content_no_spaces\"][vc_column]\n            <div class=\"theme-component-process-list\">\n                [vc_row_inner equal_height=\"yes\" el_class=\"About_us_panel_1\"][vc_column_inner width=\"1\/4\"]\n            <div class=\"theme-component-process-list-item theme-component-process-list-item-even\">\n                <div>01<\/div>\n                <span class=\"theme-icon-feature-wallet\"><\/span>\n                <p>Wir versichern Ihnen, dass Sie es zum richtigen Preis erhalten, der zu Ihrem Budget passt.<\/p>\n            <\/div>\n        [\/vc_column_inner][vc_column_inner width=\"1\/4\"]\n            <div class=\"theme-component-process-list-item theme-component-process-list-item-odd\">\n                <div>02<\/div>\n                <span class=\"theme-icon-feature-credit-card\"><\/span>\n                <p>Verabschieden Sie sich von versteckten Kosten, zahlen Sie online und erhalten Sie einen Rabatt.<\/p>\n            <\/div>\n        [\/vc_column_inner][vc_column_inner width=\"1\/4\"]\n            <div class=\"theme-component-process-list-item theme-component-process-list-item-even\">\n                <div>03<\/div>\n                <span class=\"theme-icon-feature-hand-bag\"><\/span>\n                <p> Wir bieten Ihnen makellose Sauberkeit und ausgezeichneten Kundenservice.<\/p>\n            <\/div>\n        [\/vc_column_inner][vc_column_inner width=\"1\/4\"]\n            <div class=\"theme-component-process-list-item theme-component-process-list-item-odd\">\n                <div>04<\/div>\n                <span class=\"theme-icon-feature-house\"><\/span>\n                <p>Klimaanlage ist auf Anfrage gegen Aufpreis in allen Zimmern verf\u00fcgbar.<\/p>\n            <\/div>\n        [\/vc_column_inner][\/vc_row_inner]\n            <\/div>\n        [\/vc_column][\/vc_row][vc_row el_class=\"theme-section-padding\"][vc_column el_class=\"theme-margin-top-100 theme-margin-bottom-0\"]\r\n            <p class=\"theme-component-paragraph-large theme-component-paragraph-large-style-2 aligncenter theme-padding-bottom-80\">\r\n                Z\u00f6gern Sie nicht, mit uns in Kontakt zu treten!<br \/>\nWir beantworten gerne alle Ihre Fragen!\r\n            <\/p>\r\n        [vc_row][vc_column el_class=\"theme-margin-bottom-0\"]\n<div class=\"wpcf7 no-js\" id=\"wpcf7-f24443-o1\" lang=\"en-US\" dir=\"ltr\" data-wpcf7-id=\"24443\">\n<div class=\"screen-reader-response\"><p role=\"status\" aria-live=\"polite\" aria-atomic=\"true\"><\/p> <ul><\/ul><\/div>\n<form action=\"\/de\/wp-json\/wp\/v2\/pages\/25013#wpcf7-f24443-o1\" method=\"post\" class=\"wpcf7-form init\" aria-label=\"Contact form\" novalidate=\"novalidate\" data-status=\"init\">\n<div style=\"display: none;\">\n<input type=\"hidden\" name=\"_wpcf7\" value=\"24443\" \/>\n<input type=\"hidden\" name=\"_wpcf7_version\" value=\"6.0.3\" \/>\n<input type=\"hidden\" name=\"_wpcf7_locale\" value=\"en_US\" \/>\n<input type=\"hidden\" name=\"_wpcf7_unit_tag\" value=\"wpcf7-f24443-o1\" \/>\n<input type=\"hidden\" name=\"_wpcf7_container_post\" value=\"0\" \/>\n<input type=\"hidden\" name=\"_wpcf7_posted_data_hash\" value=\"\" \/>\n<\/div>\n<div class=\"theme-component-contact-form\">\n\t<div class=\"theme-form-column-1_2-right\">\n\t\t<div class=\"theme-form-field\">\n\t\t\t<p><label>Message<\/label><br \/>\n<span class=\"wpcf7-form-control-wrap\" data-name=\"message\"><textarea cols=\"40\" rows=\"10\" maxlength=\"2000\" class=\"wpcf7-form-control wpcf7-textarea\" aria-invalid=\"false\" name=\"message\"><\/textarea><\/span>\n\t\t\t<\/p>\n\t\t<\/div>\n\t<\/div>\n\t<div class=\"theme-form-column-1_2-left\">\n\t\t<div class=\"theme-form-field\">\n\t\t\t<p><label>Your Name *<\/label><br \/>\n<span class=\"wpcf7-form-control-wrap\" data-name=\"your-name\"><input size=\"40\" maxlength=\"400\" class=\"wpcf7-form-control wpcf7-text wpcf7-validates-as-required\" autocomplete=\"your-name\" aria-required=\"true\" aria-invalid=\"false\" value=\"\" type=\"text\" name=\"your-name\" \/><\/span>\n\t\t\t<\/p>\n\t\t<\/div>\n\t<\/div>\n\t<div class=\"theme-form-column-1_2-left\">\n\t\t<div class=\"theme-form-field\">\n\t\t\t<p><label>E-mail address *<\/label><br \/>\n<span class=\"wpcf7-form-control-wrap\" data-name=\"email-address\"><input size=\"40\" maxlength=\"400\" class=\"wpcf7-form-control wpcf7-email wpcf7-validates-as-required wpcf7-text wpcf7-validates-as-email\" aria-required=\"true\" aria-invalid=\"false\" value=\"\" type=\"email\" name=\"email-address\" \/><\/span>\n\t\t\t<\/p>\n\t\t<\/div>\n\t<\/div>\n\t<div class=\"theme-form-column-1_2-left\">\n\t\t<div class=\"theme-form-field\">\n\t\t\t<p><label>Phone Number (optional)<\/label><br \/>\n<span class=\"wpcf7-form-control-wrap\" data-name=\"phone-number\"><input size=\"40\" maxlength=\"400\" class=\"wpcf7-form-control wpcf7-text\" aria-invalid=\"false\" value=\"\" type=\"text\" name=\"phone-number\" \/><\/span>\n\t\t\t<\/p>\n\t\t<\/div>\n\t<\/div>\n\t<div class=\"theme-form-column-1_1\">\n\t\t<p><input class=\"wpcf7-form-control wpcf7-submit has-spinner\" type=\"submit\" value=\"Send Form\" \/>\n\t\t<\/p>\n\t<\/div>\n<\/div><div class=\"wpcf7-response-output\" aria-hidden=\"true\"><\/div>\n<\/form>\n<\/div>\n[\/vc_column][\/vc_row][\/vc_column][\/vc_row]<\/p>\n<\/div>","protected":false},"excerpt":{"rendered":"<p>[vc_row][vc_column width=\"1\/2\"][vc_custom_heading text=\"Mieten Sie Zimmer in Gardeno und genie\u00dfen Sie einen komfortablen und ruhigen Aufenthalt an einem sch\u00f6nen, friedlichen Ort.\" font_container=\"tag:h3|text_align:left\" use_theme_fonts=\"yes\" css=\"\"][vc_column_text css=\"\"]An der S\u00fcdk\u00fcste von Korfu, im traditionellen Dorf Vitalades, bieten die Zimmer &amp; Apartments der Villa Socrates einen atemberaubenden Blick auf den sandigen Gardenos Strand, wo die \u00fcppige Vegetation der Insel auf [...]<\/p>\n","protected":false},"author":1,"featured_media":25503,"parent":0,"menu_order":2,"comment_status":"closed","ping_status":"closed","template":"","meta":{"inline_featured_image":false,"footnotes":""},"class_list":["post-25013","page","type-page","status-publish","has-post-thumbnail","hentry"],"yoast_head":"<!-- This site is optimized with the Yoast SEO plugin v24.3 - https:\/\/yoast.com\/wordpress\/plugins\/seo\/ -->\n<title>Let rooms in Gardeno South Corfu. Villa Socrates Gardeno in Vitalades Corfu<\/title>\n<meta name=\"description\" content=\"Let rooms in Gardeno South Corfu. Villa Socrates gardeno is a peaceful location in South Corfu next to village Vitalades and Gardeno Beach. Ideal for couples or families.\" \/>\n<meta name=\"robots\" content=\"index, follow, max-snippet:-1, max-image-preview:large, max-video-preview:-1\" \/>\n<link rel=\"canonical\" href=\"https:\/\/www.villa-socrates-gardeno.com\/de\/about_us_let_rooms_in_gardeno\/\" \/>\n<meta property=\"og:locale\" content=\"de_DE\" \/>\n<meta property=\"og:type\" content=\"article\" \/>\n<meta property=\"og:title\" content=\"Let rooms in Gardeno South Corfu. Villa Socrates Gardeno in Vitalades Corfu\" \/>\n<meta property=\"og:description\" content=\"Let rooms in Gardeno South Corfu. Villa Socrates gardeno is a peaceful location in South Corfu next to village Vitalades and Gardeno Beach. Ideal for couples or families.\" \/>\n<meta property=\"og:url\" content=\"https:\/\/www.villa-socrates-gardeno.com\/de\/about_us_let_rooms_in_gardeno\/\" \/>\n<meta property=\"og:site_name\" content=\"Villa Socrates Gardeno in Vitalades Corfu\" \/>\n<meta property=\"article:modified_time\" content=\"2025-01-30T11:51:34+00:00\" \/>\n<meta property=\"og:image\" content=\"https:\/\/www.villa-socrates-gardeno.com\/wp-content\/uploads\/2025\/01\/logo_page_image.jpg\" \/>\n\t<meta property=\"og:image:width\" content=\"640\" \/>\n\t<meta property=\"og:image:height\" content=\"480\" \/>\n\t<meta property=\"og:image:type\" content=\"image\/jpeg\" \/>\n<meta name=\"twitter:card\" content=\"summary_large_image\" \/>\n<meta name=\"twitter:label1\" content=\"Gesch\u00e4tzte Lesezeit\" \/>\n\t<meta name=\"twitter:data1\" content=\"2\u00a0Minuten\" \/>\n<script type=\"application\/ld+json\" class=\"yoast-schema-graph\">{\"@context\":\"https:\/\/schema.org\",\"@graph\":[{\"@type\":\"WebPage\",\"@id\":\"https:\/\/www.villa-socrates-gardeno.com\/de\/about_us_let_rooms_in_gardeno\/\",\"url\":\"https:\/\/www.villa-socrates-gardeno.com\/de\/about_us_let_rooms_in_gardeno\/\",\"name\":\"Let rooms in Gardeno South Corfu. Villa Socrates Gardeno in Vitalades Corfu\",\"isPartOf\":{\"@id\":\"https:\/\/www.villa-socrates-gardeno.com\/#website\"},\"primaryImageOfPage\":{\"@id\":\"https:\/\/www.villa-socrates-gardeno.com\/de\/about_us_let_rooms_in_gardeno\/#primaryimage\"},\"image\":{\"@id\":\"https:\/\/www.villa-socrates-gardeno.com\/de\/about_us_let_rooms_in_gardeno\/#primaryimage\"},\"thumbnailUrl\":\"https:\/\/www.villa-socrates-gardeno.com\/wp-content\/uploads\/2025\/01\/logo_page_image.jpg\",\"datePublished\":\"2019-04-05T09:23:56+00:00\",\"dateModified\":\"2025-01-30T11:51:34+00:00\",\"description\":\"Let rooms in Gardeno South Corfu. Villa Socrates gardeno is a peaceful location in South Corfu next to village Vitalades and Gardeno Beach. Ideal for couples or families.\",\"breadcrumb\":{\"@id\":\"https:\/\/www.villa-socrates-gardeno.com\/de\/about_us_let_rooms_in_gardeno\/#breadcrumb\"},\"inLanguage\":\"de\",\"potentialAction\":[{\"@type\":\"ReadAction\",\"target\":[\"https:\/\/www.villa-socrates-gardeno.com\/de\/about_us_let_rooms_in_gardeno\/\"]}]},{\"@type\":\"ImageObject\",\"inLanguage\":\"de\",\"@id\":\"https:\/\/www.villa-socrates-gardeno.com\/de\/about_us_let_rooms_in_gardeno\/#primaryimage\",\"url\":\"https:\/\/www.villa-socrates-gardeno.com\/wp-content\/uploads\/2025\/01\/logo_page_image.jpg\",\"contentUrl\":\"https:\/\/www.villa-socrates-gardeno.com\/wp-content\/uploads\/2025\/01\/logo_page_image.jpg\",\"width\":640,\"height\":480,\"caption\":\"Villa Socrates Gardeno\"},{\"@type\":\"BreadcrumbList\",\"@id\":\"https:\/\/www.villa-socrates-gardeno.com\/de\/about_us_let_rooms_in_gardeno\/#breadcrumb\",\"itemListElement\":[{\"@type\":\"ListItem\",\"position\":1,\"name\":\"Home\",\"item\":\"https:\/\/www.villa-socrates-gardeno.com\/de\/\"},{\"@type\":\"ListItem\",\"position\":2,\"name\":\"\u00dcBER UNS\"}]},{\"@type\":\"WebSite\",\"@id\":\"https:\/\/www.villa-socrates-gardeno.com\/#website\",\"url\":\"https:\/\/www.villa-socrates-gardeno.com\/\",\"name\":\"www.villa-socrates-gardeno.com\/\",\"description\":\"Villa Socrates Gardeno - South Corfu accommodation - Vitalades  Apartments\",\"publisher\":{\"@id\":\"https:\/\/www.villa-socrates-gardeno.com\/#organization\"},\"potentialAction\":[{\"@type\":\"SearchAction\",\"target\":{\"@type\":\"EntryPoint\",\"urlTemplate\":\"https:\/\/www.villa-socrates-gardeno.com\/?s={search_term_string}\"},\"query-input\":{\"@type\":\"PropertyValueSpecification\",\"valueRequired\":true,\"valueName\":\"search_term_string\"}}],\"inLanguage\":\"de\"},{\"@type\":\"Organization\",\"@id\":\"https:\/\/www.villa-socrates-gardeno.com\/#organization\",\"name\":\"villa-socrates-gardeno.com\",\"url\":\"https:\/\/www.villa-socrates-gardeno.com\/\",\"logo\":{\"@type\":\"ImageObject\",\"inLanguage\":\"de\",\"@id\":\"https:\/\/www.villa-socrates-gardeno.com\/#\/schema\/logo\/image\/\",\"url\":\"https:\/\/www.villa-socrates-gardeno.com\/wp-content\/uploads\/2025\/01\/logo_final_04.jpg\",\"contentUrl\":\"https:\/\/www.villa-socrates-gardeno.com\/wp-content\/uploads\/2025\/01\/logo_final_04.jpg\",\"width\":235,\"height\":110,\"caption\":\"villa-socrates-gardeno.com\"},\"image\":{\"@id\":\"https:\/\/www.villa-socrates-gardeno.com\/#\/schema\/logo\/image\/\"}}]}<\/script>\n<!-- \/ Yoast SEO plugin. -->","yoast_head_json":{"title":"Let rooms in Gardeno South Corfu. Villa Socrates Gardeno in Vitalades Corfu","description":"Let rooms in Gardeno South Corfu. Villa Socrates gardeno is a peaceful location in South Corfu next to village Vitalades and Gardeno Beach. Ideal for couples or families.","robots":{"index":"index","follow":"follow","max-snippet":"max-snippet:-1","max-image-preview":"max-image-preview:large","max-video-preview":"max-video-preview:-1"},"canonical":"https:\/\/www.villa-socrates-gardeno.com\/de\/about_us_let_rooms_in_gardeno\/","og_locale":"de_DE","og_type":"article","og_title":"Let rooms in Gardeno South Corfu. Villa Socrates Gardeno in Vitalades Corfu","og_description":"Let rooms in Gardeno South Corfu. Villa Socrates gardeno is a peaceful location in South Corfu next to village Vitalades and Gardeno Beach. Ideal for couples or families.","og_url":"https:\/\/www.villa-socrates-gardeno.com\/de\/about_us_let_rooms_in_gardeno\/","og_site_name":"Villa Socrates Gardeno in Vitalades Corfu","article_modified_time":"2025-01-30T11:51:34+00:00","og_image":[{"width":640,"height":480,"url":"https:\/\/www.villa-socrates-gardeno.com\/wp-content\/uploads\/2025\/01\/logo_page_image.jpg","type":"image\/jpeg"}],"twitter_card":"summary_large_image","twitter_misc":{"Gesch\u00e4tzte Lesezeit":"2\u00a0Minuten"},"schema":{"@context":"https:\/\/schema.org","@graph":[{"@type":"WebPage","@id":"https:\/\/www.villa-socrates-gardeno.com\/de\/about_us_let_rooms_in_gardeno\/","url":"https:\/\/www.villa-socrates-gardeno.com\/de\/about_us_let_rooms_in_gardeno\/","name":"Let rooms in Gardeno South Corfu. Villa Socrates Gardeno in Vitalades Corfu","isPartOf":{"@id":"https:\/\/www.villa-socrates-gardeno.com\/#website"},"primaryImageOfPage":{"@id":"https:\/\/www.villa-socrates-gardeno.com\/de\/about_us_let_rooms_in_gardeno\/#primaryimage"},"image":{"@id":"https:\/\/www.villa-socrates-gardeno.com\/de\/about_us_let_rooms_in_gardeno\/#primaryimage"},"thumbnailUrl":"https:\/\/www.villa-socrates-gardeno.com\/wp-content\/uploads\/2025\/01\/logo_page_image.jpg","datePublished":"2019-04-05T09:23:56+00:00","dateModified":"2025-01-30T11:51:34+00:00","description":"Let rooms in Gardeno South Corfu. Villa Socrates gardeno is a peaceful location in South Corfu next to village Vitalades and Gardeno Beach. Ideal for couples or families.","breadcrumb":{"@id":"https:\/\/www.villa-socrates-gardeno.com\/de\/about_us_let_rooms_in_gardeno\/#breadcrumb"},"inLanguage":"de","potentialAction":[{"@type":"ReadAction","target":["https:\/\/www.villa-socrates-gardeno.com\/de\/about_us_let_rooms_in_gardeno\/"]}]},{"@type":"ImageObject","inLanguage":"de","@id":"https:\/\/www.villa-socrates-gardeno.com\/de\/about_us_let_rooms_in_gardeno\/#primaryimage","url":"https:\/\/www.villa-socrates-gardeno.com\/wp-content\/uploads\/2025\/01\/logo_page_image.jpg","contentUrl":"https:\/\/www.villa-socrates-gardeno.com\/wp-content\/uploads\/2025\/01\/logo_page_image.jpg","width":640,"height":480,"caption":"Villa Socrates Gardeno"},{"@type":"BreadcrumbList","@id":"https:\/\/www.villa-socrates-gardeno.com\/de\/about_us_let_rooms_in_gardeno\/#breadcrumb","itemListElement":[{"@type":"ListItem","position":1,"name":"Home","item":"https:\/\/www.villa-socrates-gardeno.com\/de\/"},{"@type":"ListItem","position":2,"name":"\u00dcBER UNS"}]},{"@type":"WebSite","@id":"https:\/\/www.villa-socrates-gardeno.com\/#website","url":"https:\/\/www.villa-socrates-gardeno.com\/","name":"www.villa-socrates-gardeno.com\/","description":"Villa Socrates Gardeno - South Corfu accommodation - Vitalades  Apartments","publisher":{"@id":"https:\/\/www.villa-socrates-gardeno.com\/#organization"},"potentialAction":[{"@type":"SearchAction","target":{"@type":"EntryPoint","urlTemplate":"https:\/\/www.villa-socrates-gardeno.com\/?s={search_term_string}"},"query-input":{"@type":"PropertyValueSpecification","valueRequired":true,"valueName":"search_term_string"}}],"inLanguage":"de"},{"@type":"Organization","@id":"https:\/\/www.villa-socrates-gardeno.com\/#organization","name":"villa-socrates-gardeno.com","url":"https:\/\/www.villa-socrates-gardeno.com\/","logo":{"@type":"ImageObject","inLanguage":"de","@id":"https:\/\/www.villa-socrates-gardeno.com\/#\/schema\/logo\/image\/","url":"https:\/\/www.villa-socrates-gardeno.com\/wp-content\/uploads\/2025\/01\/logo_final_04.jpg","contentUrl":"https:\/\/www.villa-socrates-gardeno.com\/wp-content\/uploads\/2025\/01\/logo_final_04.jpg","width":235,"height":110,"caption":"villa-socrates-gardeno.com"},"image":{"@id":"https:\/\/www.villa-socrates-gardeno.com\/#\/schema\/logo\/image\/"}}]}},"_links":{"self":[{"href":"https:\/\/www.villa-socrates-gardeno.com\/de\/wp-json\/wp\/v2\/pages\/25013","targetHints":{"allow":["GET"]}}],"collection":[{"href":"https:\/\/www.villa-socrates-gardeno.com\/de\/wp-json\/wp\/v2\/pages"}],"about":[{"href":"https:\/\/www.villa-socrates-gardeno.com\/de\/wp-json\/wp\/v2\/types\/page"}],"author":[{"embeddable":true,"href":"https:\/\/www.villa-socrates-gardeno.com\/de\/wp-json\/wp\/v2\/users\/1"}],"replies":[{"embeddable":true,"href":"https:\/\/www.villa-socrates-gardeno.com\/de\/wp-json\/wp\/v2\/comments?post=25013"}],"version-history":[{"count":7,"href":"https:\/\/www.villa-socrates-gardeno.com\/de\/wp-json\/wp\/v2\/pages\/25013\/revisions"}],"predecessor-version":[{"id":25517,"href":"https:\/\/www.villa-socrates-gardeno.com\/de\/wp-json\/wp\/v2\/pages\/25013\/revisions\/25517"}],"wp:featuredmedia":[{"embeddable":true,"href":"https:\/\/www.villa-socrates-gardeno.com\/de\/wp-json\/wp\/v2\/media\/25503"}],"wp:attachment":[{"href":"https:\/\/www.villa-socrates-gardeno.com\/de\/wp-json\/wp\/v2\/media?parent=25013"}],"curies":[{"name":"wp","href":"https:\/\/api.w.org\/{rel}","templated":true}]}}